{"id":3975,"date":"2021-10-05T13:56:23","date_gmt":"2021-10-05T11:56:23","guid":{"rendered":"https:\/\/franck-cocteaux.com\/produit\/moelleux-louis-sweet\/"},"modified":"2023-06-14T15:55:06","modified_gmt":"2023-06-14T13:55:06","slug":"moelleux-louis","status":"publish","type":"product","link":"https:\/\/franck-cocteaux.com\/en\/produit\/moelleux-louis\/","title":{"rendered":"MOELLEUX LOUIS (SWEET)"},"content":{"rendered":"","protected":false},"excerpt":{"rendered":"<p>A perfectly balanced, sweet, mellow wine. Its beautiful golden colour with glints of silver sparkle will brighten up your table for the festive season. It is made from Chenin grapes by Louis COCTEAUX, our youngest son.<\/p>\n","protected":false},"featured_media":4392,"template":"","meta":{"_acf_changed":false},"product_brand":[],"product_cat":[69,73,70],"product_tag":[],"class_list":{"0":"post-3975","1":"product","2":"type-product","3":"status-publish","4":"has-post-thumbnail","6":"product_cat-our-wines","7":"product_cat-medium-dry","8":"product_cat-white","10":"first","11":"instock","12":"taxable","13":"shipping-taxable","14":"purchasable","15":"product-type-simple"},"acf":[],"yoast_head":"<!-- This site is optimized with the Yoast SEO plugin v27.1.1 - https:\/\/yoast.com\/product\/yoast-seo-wordpress\/ -->\n<title>MOELLEUX LOUIS (SWEET) - Vignobles Cocteaux Am\u00e9lie &amp; Franck &amp; Fils<\/title>\n<meta name=\"robots\" content=\"index, follow, max-snippet:-1, max-image-preview:large, max-video-preview:-1\" \/>\n<link rel=\"canonical\" href=\"https:\/\/franck-cocteaux.com\/en\/produit\/moelleux-louis\/\" \/>\n<meta property=\"og:locale\" content=\"en_US\" \/>\n<meta property=\"og:type\" content=\"article\" \/>\n<meta property=\"og:title\" content=\"MOELLEUX LOUIS (SWEET) - Vignobles Cocteaux Am\u00e9lie &amp; Franck &amp; Fils\" \/>\n<meta property=\"og:description\" content=\"A perfectly balanced, sweet, mellow wine. Its beautiful golden colour with glints of silver sparkle will brighten up your table for the festive season. It is made from Chenin grapes by Louis COCTEAUX, our youngest son.\" \/>\n<meta property=\"og:url\" content=\"https:\/\/franck-cocteaux.com\/en\/produit\/moelleux-louis\/\" \/>\n<meta property=\"og:site_name\" content=\"Vignobles Cocteaux Am\u00e9lie &amp; Franck &amp; Fils\" \/>\n<meta property=\"article:modified_time\" content=\"2023-06-14T13:55:06+00:00\" \/>\n<meta property=\"og:image\" content=\"https:\/\/franck-cocteaux.com\/wp-content\/uploads\/2021\/10\/moelleux-louis.png\" \/>\n\t<meta property=\"og:image:width\" content=\"293\" \/>\n\t<meta property=\"og:image:height\" content=\"980\" \/>\n\t<meta property=\"og:image:type\" content=\"image\/png\" \/>\n<meta name=\"twitter:card\" content=\"summary_large_image\" \/>\n<script type=\"application\/ld+json\" class=\"yoast-schema-graph\">{\"@context\":\"https:\/\/schema.org\",\"@graph\":[{\"@type\":\"WebPage\",\"@id\":\"https:\/\/franck-cocteaux.com\/en\/produit\/moelleux-louis\/\",\"url\":\"https:\/\/franck-cocteaux.com\/en\/produit\/moelleux-louis\/\",\"name\":\"MOELLEUX LOUIS (SWEET) - Vignobles Cocteaux Am\u00e9lie &amp; Franck &amp; Fils\",\"isPartOf\":{\"@id\":\"https:\/\/franck-cocteaux.com\/#website\"},\"primaryImageOfPage\":{\"@id\":\"https:\/\/franck-cocteaux.com\/en\/produit\/moelleux-louis\/#primaryimage\"},\"image\":{\"@id\":\"https:\/\/franck-cocteaux.com\/en\/produit\/moelleux-louis\/#primaryimage\"},\"thumbnailUrl\":\"https:\/\/franck-cocteaux.com\/wp-content\/uploads\/2023\/11\/demi-sec-louis.png\",\"datePublished\":\"2021-10-05T11:56:23+00:00\",\"dateModified\":\"2023-06-14T13:55:06+00:00\",\"breadcrumb\":{\"@id\":\"https:\/\/franck-cocteaux.com\/en\/produit\/moelleux-louis\/#breadcrumb\"},\"inLanguage\":\"en-US\",\"potentialAction\":[{\"@type\":\"ReadAction\",\"target\":[\"https:\/\/franck-cocteaux.com\/en\/produit\/moelleux-louis\/\"]}]},{\"@type\":\"ImageObject\",\"inLanguage\":\"en-US\",\"@id\":\"https:\/\/franck-cocteaux.com\/en\/produit\/moelleux-louis\/#primaryimage\",\"url\":\"https:\/\/franck-cocteaux.com\/wp-content\/uploads\/2023\/11\/demi-sec-louis.png\",\"contentUrl\":\"https:\/\/franck-cocteaux.com\/wp-content\/uploads\/2023\/11\/demi-sec-louis.png\",\"width\":293,\"height\":980},{\"@type\":\"BreadcrumbList\",\"@id\":\"https:\/\/franck-cocteaux.com\/en\/produit\/moelleux-louis\/#breadcrumb\",\"itemListElement\":[{\"@type\":\"ListItem\",\"position\":1,\"name\":\"Accueil\",\"item\":\"https:\/\/franck-cocteaux.com\/en\/\"},{\"@type\":\"ListItem\",\"position\":2,\"name\":\"MOELLEUX LOUIS (SWEET)\"}]},{\"@type\":\"WebSite\",\"@id\":\"https:\/\/franck-cocteaux.com\/#website\",\"url\":\"https:\/\/franck-cocteaux.com\/\",\"name\":\"Domaine Am\u00e9lie & Franck Cocteaux\",\"description\":\"Vigneron Ind\u00e9pendant &amp; R\u00e9coltant Manipulant\",\"potentialAction\":[{\"@type\":\"SearchAction\",\"target\":{\"@type\":\"EntryPoint\",\"urlTemplate\":\"https:\/\/franck-cocteaux.com\/?s={search_term_string}\"},\"query-input\":{\"@type\":\"PropertyValueSpecification\",\"valueRequired\":true,\"valueName\":\"search_term_string\"}}],\"inLanguage\":\"en-US\"}]}<\/script>\n<!-- \/ Yoast SEO plugin. -->","yoast_head_json":{"title":"MOELLEUX LOUIS (SWEET) - Vignobles Cocteaux Am\u00e9lie &amp; Franck &amp; Fils","robots":{"index":"index","follow":"follow","max-snippet":"max-snippet:-1","max-image-preview":"max-image-preview:large","max-video-preview":"max-video-preview:-1"},"canonical":"https:\/\/franck-cocteaux.com\/en\/produit\/moelleux-louis\/","og_locale":"en_US","og_type":"article","og_title":"MOELLEUX LOUIS (SWEET) - Vignobles Cocteaux Am\u00e9lie &amp; Franck &amp; Fils","og_description":"A perfectly balanced, sweet, mellow wine. Its beautiful golden colour with glints of silver sparkle will brighten up your table for the festive season. It is made from Chenin grapes by Louis COCTEAUX, our youngest son.","og_url":"https:\/\/franck-cocteaux.com\/en\/produit\/moelleux-louis\/","og_site_name":"Vignobles Cocteaux Am\u00e9lie &amp; Franck &amp; Fils","article_modified_time":"2023-06-14T13:55:06+00:00","og_image":[{"width":293,"height":980,"url":"https:\/\/franck-cocteaux.com\/wp-content\/uploads\/2021\/10\/moelleux-louis.png","type":"image\/png"}],"twitter_card":"summary_large_image","schema":{"@context":"https:\/\/schema.org","@graph":[{"@type":"WebPage","@id":"https:\/\/franck-cocteaux.com\/en\/produit\/moelleux-louis\/","url":"https:\/\/franck-cocteaux.com\/en\/produit\/moelleux-louis\/","name":"MOELLEUX LOUIS (SWEET) - Vignobles Cocteaux Am\u00e9lie &amp; Franck &amp; Fils","isPartOf":{"@id":"https:\/\/franck-cocteaux.com\/#website"},"primaryImageOfPage":{"@id":"https:\/\/franck-cocteaux.com\/en\/produit\/moelleux-louis\/#primaryimage"},"image":{"@id":"https:\/\/franck-cocteaux.com\/en\/produit\/moelleux-louis\/#primaryimage"},"thumbnailUrl":"https:\/\/franck-cocteaux.com\/wp-content\/uploads\/2023\/11\/demi-sec-louis.png","datePublished":"2021-10-05T11:56:23+00:00","dateModified":"2023-06-14T13:55:06+00:00","breadcrumb":{"@id":"https:\/\/franck-cocteaux.com\/en\/produit\/moelleux-louis\/#breadcrumb"},"inLanguage":"en-US","potentialAction":[{"@type":"ReadAction","target":["https:\/\/franck-cocteaux.com\/en\/produit\/moelleux-louis\/"]}]},{"@type":"ImageObject","inLanguage":"en-US","@id":"https:\/\/franck-cocteaux.com\/en\/produit\/moelleux-louis\/#primaryimage","url":"https:\/\/franck-cocteaux.com\/wp-content\/uploads\/2023\/11\/demi-sec-louis.png","contentUrl":"https:\/\/franck-cocteaux.com\/wp-content\/uploads\/2023\/11\/demi-sec-louis.png","width":293,"height":980},{"@type":"BreadcrumbList","@id":"https:\/\/franck-cocteaux.com\/en\/produit\/moelleux-louis\/#breadcrumb","itemListElement":[{"@type":"ListItem","position":1,"name":"Accueil","item":"https:\/\/franck-cocteaux.com\/en\/"},{"@type":"ListItem","position":2,"name":"MOELLEUX LOUIS (SWEET)"}]},{"@type":"WebSite","@id":"https:\/\/franck-cocteaux.com\/#website","url":"https:\/\/franck-cocteaux.com\/","name":"Domaine Am\u00e9lie & Franck Cocteaux","description":"Vigneron Ind\u00e9pendant &amp; R\u00e9coltant Manipulant","potentialAction":[{"@type":"SearchAction","target":{"@type":"EntryPoint","urlTemplate":"https:\/\/franck-cocteaux.com\/?s={search_term_string}"},"query-input":{"@type":"PropertyValueSpecification","valueRequired":true,"valueName":"search_term_string"}}],"inLanguage":"en-US"}]}},"_links":{"self":[{"href":"https:\/\/franck-cocteaux.com\/en\/wp-json\/wp\/v2\/product\/3975","targetHints":{"allow":["GET"]}}],"collection":[{"href":"https:\/\/franck-cocteaux.com\/en\/wp-json\/wp\/v2\/product"}],"about":[{"href":"https:\/\/franck-cocteaux.com\/en\/wp-json\/wp\/v2\/types\/product"}],"wp:featuredmedia":[{"embeddable":true,"href":"https:\/\/franck-cocteaux.com\/en\/wp-json\/wp\/v2\/media\/4392"}],"wp:attachment":[{"href":"https:\/\/franck-cocteaux.com\/en\/wp-json\/wp\/v2\/media?parent=3975"}],"wp:term":[{"taxonomy":"product_brand","embeddable":true,"href":"https:\/\/franck-cocteaux.com\/en\/wp-json\/wp\/v2\/product_brand?post=3975"},{"taxonomy":"product_cat","embeddable":true,"href":"https:\/\/franck-cocteaux.com\/en\/wp-json\/wp\/v2\/product_cat?post=3975"},{"taxonomy":"product_tag","embeddable":true,"href":"https:\/\/franck-cocteaux.com\/en\/wp-json\/wp\/v2\/product_tag?post=3975"}],"curies":[{"name":"wp","href":"https:\/\/api.w.org\/{rel}","templated":true}]}}