{"id":3972,"date":"2021-05-12T11:25:53","date_gmt":"2021-05-12T09:25:53","guid":{"rendered":"https:\/\/franck-cocteaux.com\/produit\/fleuray-red-sparkling\/"},"modified":"2023-06-14T15:56:50","modified_gmt":"2023-06-14T13:56:50","slug":"bulles-de-fleuray-rouge","status":"publish","type":"product","link":"https:\/\/franck-cocteaux.com\/en\/produit\/bulles-de-fleuray-rouge\/","title":{"rendered":"FLEURAY RED SPARKLING"},"content":{"rendered":"","protected":false},"excerpt":{"rendered":"<p>Rare and surprising, this wine will titillate your tastebuds.<\/p>\n<p>&nbsp;<\/p>\n","protected":false},"featured_media":3640,"template":"","meta":{"_acf_changed":false},"product_brand":[],"product_cat":[69,68,73],"product_tag":[],"class_list":{"0":"post-3972","1":"product","2":"type-product","3":"status-publish","4":"has-post-thumbnail","6":"product_cat-our-wines","7":"product_cat-red","8":"product_cat-medium-dry","10":"first","11":"instock","12":"taxable","13":"shipping-taxable","14":"purchasable","15":"product-type-simple"},"acf":[],"yoast_head":"<!-- This site is optimized with the Yoast SEO plugin v27.1.1 - https:\/\/yoast.com\/product\/yoast-seo-wordpress\/ -->\n<title>FLEURAY RED SPARKLING - Vignobles Cocteaux Am\u00e9lie &amp; Franck &amp; Fils<\/title>\n<meta name=\"robots\" content=\"index, follow, max-snippet:-1, max-image-preview:large, max-video-preview:-1\" \/>\n<link rel=\"canonical\" href=\"https:\/\/franck-cocteaux.com\/en\/produit\/bulles-de-fleuray-rouge\/\" \/>\n<meta property=\"og:locale\" content=\"en_US\" \/>\n<meta property=\"og:type\" content=\"article\" \/>\n<meta property=\"og:title\" content=\"FLEURAY RED SPARKLING - Vignobles Cocteaux Am\u00e9lie &amp; Franck &amp; Fils\" \/>\n<meta property=\"og:description\" content=\"Rare and surprising, this wine will titillate your tastebuds.  &nbsp;\" \/>\n<meta property=\"og:url\" content=\"https:\/\/franck-cocteaux.com\/en\/produit\/bulles-de-fleuray-rouge\/\" \/>\n<meta property=\"og:site_name\" content=\"Vignobles Cocteaux Am\u00e9lie &amp; Franck &amp; Fils\" \/>\n<meta property=\"article:modified_time\" content=\"2023-06-14T13:56:50+00:00\" \/>\n<meta property=\"og:image\" content=\"https:\/\/franck-cocteaux.com\/wp-content\/uploads\/2021\/07\/bulles-rouges.png\" \/>\n\t<meta property=\"og:image:width\" content=\"293\" \/>\n\t<meta property=\"og:image:height\" content=\"980\" \/>\n\t<meta property=\"og:image:type\" content=\"image\/png\" \/>\n<meta name=\"twitter:card\" content=\"summary_large_image\" \/>\n<script type=\"application\/ld+json\" class=\"yoast-schema-graph\">{\"@context\":\"https:\/\/schema.org\",\"@graph\":[{\"@type\":\"WebPage\",\"@id\":\"https:\/\/franck-cocteaux.com\/en\/produit\/bulles-de-fleuray-rouge\/\",\"url\":\"https:\/\/franck-cocteaux.com\/en\/produit\/bulles-de-fleuray-rouge\/\",\"name\":\"FLEURAY RED SPARKLING - Vignobles Cocteaux Am\u00e9lie &amp; Franck &amp; Fils\",\"isPartOf\":{\"@id\":\"https:\/\/franck-cocteaux.com\/#website\"},\"primaryImageOfPage\":{\"@id\":\"https:\/\/franck-cocteaux.com\/en\/produit\/bulles-de-fleuray-rouge\/#primaryimage\"},\"image\":{\"@id\":\"https:\/\/franck-cocteaux.com\/en\/produit\/bulles-de-fleuray-rouge\/#primaryimage\"},\"thumbnailUrl\":\"https:\/\/franck-cocteaux.com\/wp-content\/uploads\/2021\/07\/bulles-rouges.png\",\"datePublished\":\"2021-05-12T09:25:53+00:00\",\"dateModified\":\"2023-06-14T13:56:50+00:00\",\"breadcrumb\":{\"@id\":\"https:\/\/franck-cocteaux.com\/en\/produit\/bulles-de-fleuray-rouge\/#breadcrumb\"},\"inLanguage\":\"en-US\",\"potentialAction\":[{\"@type\":\"ReadAction\",\"target\":[\"https:\/\/franck-cocteaux.com\/en\/produit\/bulles-de-fleuray-rouge\/\"]}]},{\"@type\":\"ImageObject\",\"inLanguage\":\"en-US\",\"@id\":\"https:\/\/franck-cocteaux.com\/en\/produit\/bulles-de-fleuray-rouge\/#primaryimage\",\"url\":\"https:\/\/franck-cocteaux.com\/wp-content\/uploads\/2021\/07\/bulles-rouges.png\",\"contentUrl\":\"https:\/\/franck-cocteaux.com\/wp-content\/uploads\/2021\/07\/bulles-rouges.png\",\"width\":293,\"height\":980},{\"@type\":\"BreadcrumbList\",\"@id\":\"https:\/\/franck-cocteaux.com\/en\/produit\/bulles-de-fleuray-rouge\/#breadcrumb\",\"itemListElement\":[{\"@type\":\"ListItem\",\"position\":1,\"name\":\"Accueil\",\"item\":\"https:\/\/franck-cocteaux.com\/en\/\"},{\"@type\":\"ListItem\",\"position\":2,\"name\":\"FLEURAY RED SPARKLING\"}]},{\"@type\":\"WebSite\",\"@id\":\"https:\/\/franck-cocteaux.com\/#website\",\"url\":\"https:\/\/franck-cocteaux.com\/\",\"name\":\"Domaine Am\u00e9lie & Franck Cocteaux\",\"description\":\"Vigneron Ind\u00e9pendant &amp; R\u00e9coltant Manipulant\",\"potentialAction\":[{\"@type\":\"SearchAction\",\"target\":{\"@type\":\"EntryPoint\",\"urlTemplate\":\"https:\/\/franck-cocteaux.com\/?s={search_term_string}\"},\"query-input\":{\"@type\":\"PropertyValueSpecification\",\"valueRequired\":true,\"valueName\":\"search_term_string\"}}],\"inLanguage\":\"en-US\"}]}<\/script>\n<!-- \/ Yoast SEO plugin. -->","yoast_head_json":{"title":"FLEURAY RED SPARKLING - Vignobles Cocteaux Am\u00e9lie &amp; Franck &amp; Fils","robots":{"index":"index","follow":"follow","max-snippet":"max-snippet:-1","max-image-preview":"max-image-preview:large","max-video-preview":"max-video-preview:-1"},"canonical":"https:\/\/franck-cocteaux.com\/en\/produit\/bulles-de-fleuray-rouge\/","og_locale":"en_US","og_type":"article","og_title":"FLEURAY RED SPARKLING - Vignobles Cocteaux Am\u00e9lie &amp; Franck &amp; Fils","og_description":"Rare and surprising, this wine will titillate your tastebuds.  &nbsp;","og_url":"https:\/\/franck-cocteaux.com\/en\/produit\/bulles-de-fleuray-rouge\/","og_site_name":"Vignobles Cocteaux Am\u00e9lie &amp; Franck &amp; Fils","article_modified_time":"2023-06-14T13:56:50+00:00","og_image":[{"width":293,"height":980,"url":"https:\/\/franck-cocteaux.com\/wp-content\/uploads\/2021\/07\/bulles-rouges.png","type":"image\/png"}],"twitter_card":"summary_large_image","schema":{"@context":"https:\/\/schema.org","@graph":[{"@type":"WebPage","@id":"https:\/\/franck-cocteaux.com\/en\/produit\/bulles-de-fleuray-rouge\/","url":"https:\/\/franck-cocteaux.com\/en\/produit\/bulles-de-fleuray-rouge\/","name":"FLEURAY RED SPARKLING - Vignobles Cocteaux Am\u00e9lie &amp; Franck &amp; Fils","isPartOf":{"@id":"https:\/\/franck-cocteaux.com\/#website"},"primaryImageOfPage":{"@id":"https:\/\/franck-cocteaux.com\/en\/produit\/bulles-de-fleuray-rouge\/#primaryimage"},"image":{"@id":"https:\/\/franck-cocteaux.com\/en\/produit\/bulles-de-fleuray-rouge\/#primaryimage"},"thumbnailUrl":"https:\/\/franck-cocteaux.com\/wp-content\/uploads\/2021\/07\/bulles-rouges.png","datePublished":"2021-05-12T09:25:53+00:00","dateModified":"2023-06-14T13:56:50+00:00","breadcrumb":{"@id":"https:\/\/franck-cocteaux.com\/en\/produit\/bulles-de-fleuray-rouge\/#breadcrumb"},"inLanguage":"en-US","potentialAction":[{"@type":"ReadAction","target":["https:\/\/franck-cocteaux.com\/en\/produit\/bulles-de-fleuray-rouge\/"]}]},{"@type":"ImageObject","inLanguage":"en-US","@id":"https:\/\/franck-cocteaux.com\/en\/produit\/bulles-de-fleuray-rouge\/#primaryimage","url":"https:\/\/franck-cocteaux.com\/wp-content\/uploads\/2021\/07\/bulles-rouges.png","contentUrl":"https:\/\/franck-cocteaux.com\/wp-content\/uploads\/2021\/07\/bulles-rouges.png","width":293,"height":980},{"@type":"BreadcrumbList","@id":"https:\/\/franck-cocteaux.com\/en\/produit\/bulles-de-fleuray-rouge\/#breadcrumb","itemListElement":[{"@type":"ListItem","position":1,"name":"Accueil","item":"https:\/\/franck-cocteaux.com\/en\/"},{"@type":"ListItem","position":2,"name":"FLEURAY RED SPARKLING"}]},{"@type":"WebSite","@id":"https:\/\/franck-cocteaux.com\/#website","url":"https:\/\/franck-cocteaux.com\/","name":"Domaine Am\u00e9lie & Franck Cocteaux","description":"Vigneron Ind\u00e9pendant &amp; R\u00e9coltant Manipulant","potentialAction":[{"@type":"SearchAction","target":{"@type":"EntryPoint","urlTemplate":"https:\/\/franck-cocteaux.com\/?s={search_term_string}"},"query-input":{"@type":"PropertyValueSpecification","valueRequired":true,"valueName":"search_term_string"}}],"inLanguage":"en-US"}]}},"_links":{"self":[{"href":"https:\/\/franck-cocteaux.com\/en\/wp-json\/wp\/v2\/product\/3972","targetHints":{"allow":["GET"]}}],"collection":[{"href":"https:\/\/franck-cocteaux.com\/en\/wp-json\/wp\/v2\/product"}],"about":[{"href":"https:\/\/franck-cocteaux.com\/en\/wp-json\/wp\/v2\/types\/product"}],"wp:featuredmedia":[{"embeddable":true,"href":"https:\/\/franck-cocteaux.com\/en\/wp-json\/wp\/v2\/media\/3640"}],"wp:attachment":[{"href":"https:\/\/franck-cocteaux.com\/en\/wp-json\/wp\/v2\/media?parent=3972"}],"wp:term":[{"taxonomy":"product_brand","embeddable":true,"href":"https:\/\/franck-cocteaux.com\/en\/wp-json\/wp\/v2\/product_brand?post=3972"},{"taxonomy":"product_cat","embeddable":true,"href":"https:\/\/franck-cocteaux.com\/en\/wp-json\/wp\/v2\/product_cat?post=3972"},{"taxonomy":"product_tag","embeddable":true,"href":"https:\/\/franck-cocteaux.com\/en\/wp-json\/wp\/v2\/product_tag?post=3972"}],"curies":[{"name":"wp","href":"https:\/\/api.w.org\/{rel}","templated":true}]}}