{"id":3964,"date":"2021-04-13T18:38:07","date_gmt":"2021-04-13T16:38:07","guid":{"rendered":"https:\/\/franck-cocteaux.com\/contact-2\/"},"modified":"2023-06-14T14:37:08","modified_gmt":"2023-06-14T12:37:08","slug":"contact-us","status":"publish","type":"page","link":"https:\/\/franck-cocteaux.com\/en\/contact-us\/","title":{"rendered":"Contact-us"},"content":{"rendered":"\t\t<div data-elementor-type=\"wp-page\" data-elementor-id=\"3964\" class=\"elementor elementor-3964 elementor-42\">\n\t\t\t\t\t\t<section class=\"elementor-section elementor-top-section elementor-element elementor-element-e26c7d1 elementor-section-full_width elementor-section-height-default elementor-section-height-default\" data-id=\"e26c7d1\" data-element_type=\"section\" data-e-type=\"section\">\n\t\t\t\t\t\t<div class=\"elementor-container elementor-column-gap-default\">\n\t\t\t\t\t<div class=\"elementor-column elementor-col-100 elementor-top-column elementor-element elementor-element-9f9fa92\" data-id=\"9f9fa92\" data-element_type=\"column\" data-e-type=\"column\">\n\t\t\t<div class=\"elementor-widget-wrap elementor-element-populated\">\n\t\t\t\t\t\t<div class=\"elementor-element elementor-element-d47c673 elementor-widget elementor-widget-ucaddon_widget_map\" data-id=\"d47c673\" data-element_type=\"widget\" data-e-type=\"widget\" data-widget_type=\"ucaddon_widget_map.default\">\n\t\t\t\t<div class=\"elementor-widget-container\">\n\t\t\t\t\t\n<!-- start Cocteaux Bloc Map -->\n<style>\/* widget: Cocteaux Bloc Map *\/\n\n.coc__block {\n    min-height: 500px;\n    display: flex;\n    align-items: stretch;\n    justify-content: center;\n    width: 100%;\n}\n\n.coc__block__image {\n    width: 42.8%;\n    display: flex;\n}\n\n.coc__block__image img, .coc__block__image > * {\n    object-fit: cover;\n    width: 100%;\n    height: 100%;\n}\n\n.coc__block__body {\n    background-color: #65513c;\n    background-image: url('https:\/\/franck-cocteaux.com\/nouveausite\/wp-content\/uploads\/2021\/09\/fond-matiere.png');\n    background-repeat: repeat;\n    padding: 40px 80px 40px 112px;\n    display: flex;\n    align-items: stretch;\n  flex: 1;\n}\n\n.coc__block__text {\n    display: flex;\n    flex-direction: column;\n    justify-content: center;\n}\n\n.coc__block__text a {\n  color: white;\n  text-decoration: underline;\n}\n\n.coc__block__text > h1 {\n    font-size: 1.9em;\n    color: #deaf7f;\n    font-weight: normal;\n    font-family: 'ristretto_slab_pro_regular';\n    letter-spacing: 0.05em;\n    line-height: 0.7em;\n}\n\n.coc__block__text > h2 {\n    font-family: 'Calligraffitti', cursive;\n    color: #ffd7af;\n    font-weight: 400;\n    font-size: 1.6em;\n    font-style: italic;\n    letter-spacing: 0.5px;\n    opacity: 0.5;\n    display: block;\n    margin-left: 10px;\n    margin-top: 3px;\n    margin-bottom: 15px;\n}\n\n.coc__block__text > p {\n    margin-top: 0;\n    margin-bottom: 1rem;\n    color: white;\n    font-family: 'Open Sans Condensed';\n}\n\n@media screen and (max-width:1200px) {\n\t.coc__block__image {\n      width: 40%;\n    }\n}\n\n@media screen and (max-width:768px) {\n    .coc__block {\n        flex-direction: column;\n    }\n\n    .coc__block > * {\n        width: 100%;\n    }\n}\n\n@media screen and (max-width:480px) {\n    .coc__block__body {\n        padding: 40px;\n    }\n}\n\n<\/style>\n\n<div class=\"coc__block\">\n  <div class=\"coc__block__image\">\n    <iframe src=\"https:\/\/www.google.com\/maps\/embed?pb=!1m14!1m8!1m3!1d168.45042387059624!2d1.0660306720636195!3d47.50536404665162!3m2!1i1024!2i768!4f13.1!3m3!1m2!1s0x47e34bed724a7b53%3A0x4783e799912e6172!2sDomaine%20Cocteaux%20Am%C3%A9lie%20et%20Franck!5e0!3m2!1sfr!2sus!4v1619020981304!5m2!1sfr!2sus\" style=\"border:0;\" allowfullscreen=\"\" loading=\"lazy\"><\/iframe>\n  <\/div>\n  <div class=\"coc__block__body\">\n    <div class=\"coc__block__text\">\n      <h1>\n        \u2022 GETTING TO THE ESTATE\n      <\/h1>\n      <h2>\n        \n      <\/h2>\n      <p>\n        <p>Am\u00e9lie and Franck Cocteaux and their team look forwarding to welcoming you Monday to Friday from 8am to 12noon and from 1.30 to 6.30pm; on Saturdays from 8.30am to 12.30pm<\/p>\n<p>We are allowed to take a step back occasionally so we are closed on Sundays and bank holidays.<\/p>\n<p class=\"col-md-6 col-sm-12\"><i class=\"fa fa-map-marker\"><\/i> Fleuray - 37530 CANGEY<br \/><i class=\"fa fa-phone\"><\/i><a href=\"tel:0247300144\">  02 47 30 01 44<\/a><br \/><i class=\"fa fa-envelope\"><\/i> <a class=\"aorangebeige\" href=\"mailto:information@franck-cocteaux.com\">information@franck-cocteaux.com<\/a><\/p>\n<p class=\"col-md-6 col-sm-12\">GPS Coordinates:<br \/><i class=\"fa fa-globe\" aria-hidden=\"true\"><\/i> Latitude : N47\u00b030\u201918.9354<br \/><i class=\"fa fa-globe\" aria-hidden=\"true\"><\/i> Longitude : E1\u00b03\u2019\u201956.52<\/p>\n<p><i class=\"fa fa-info-circle\"> <\/i>You can buy online at our <a href=\"https:\/\/franck-cocteaux.com\/nouveausite\/boutique\/\">online shop<\/a>.<br \/><i class=\"fa fa-info-circle\"><\/i> At the estate, payment by cheque, card or cash<\/p>\n\n      <\/p>\n    <\/div>\n  <\/div>\n<\/div>\n<!-- end Cocteaux Bloc Map -->\t\t\t\t<\/div>\n\t\t\t\t<\/div>\n\t\t\t\t\t<\/div>\n\t\t<\/div>\n\t\t\t\t\t<\/div>\n\t\t<\/section>\n\t\t\t\t<section class=\"elementor-section elementor-top-section elementor-element elementor-element-9fb3fde elementor-section-full_width elementor-section-height-default elementor-section-height-default\" data-id=\"9fb3fde\" data-element_type=\"section\" data-e-type=\"section\">\n\t\t\t\t\t\t<div class=\"elementor-container elementor-column-gap-default\">\n\t\t\t\t\t<div class=\"elementor-column elementor-col-100 elementor-top-column elementor-element elementor-element-303d3f1\" data-id=\"303d3f1\" data-element_type=\"column\" data-e-type=\"column\">\n\t\t\t<div class=\"elementor-widget-wrap elementor-element-populated\">\n\t\t\t\t\t\t<div class=\"elementor-element elementor-element-8a21664 elementor-widget elementor-widget-ucaddon_widget_bloc_form\" data-id=\"8a21664\" data-element_type=\"widget\" data-e-type=\"widget\" data-widget_type=\"ucaddon_widget_bloc_form.default\">\n\t\t\t\t<div class=\"elementor-widget-container\">\n\t\t\t\t\t\n<!-- start Cocteaux Formulaire -->\n<style>\/* widget: Cocteaux Formulaire *\/\n\n.coc__block {\n    min-height: 500px;\n    display: flex;\n    align-items: stretch;\n    justify-content: center;\n    width: 100%;\n}\n\n.coc__block__image {\n    width: 42.8%;\n    display: flex;\n}\n\n.coc__block__image img {\n    object-fit: cover;\n    width: 100%;\n    height: 100%;\n}\n\n.coc__block__body {\n    background-color: #65513c;\n    background-image: url('https:\/\/franck-cocteaux.com\/nouveausite\/wp-content\/uploads\/2021\/09\/fond-matiere.png');\n    background-repeat: repeat;\n    padding: 40px 80px 40px 112px;\n    display: flex;\n    align-items: stretch;\n \tflex: 1;\n}\n\n.coc__block__text {\n    display: flex;\n    flex-direction: column;\n    justify-content: center;\n}\n\n.coc__block__text > h1 {\n    font-size: 1.9em;\n    color: #deaf7f;\n    font-weight: normal;\n    font-family: 'ristretto_slab_pro_regular';\n    letter-spacing: 0.05em;\n    line-height: 0.7em;\n}\n\n.coc__block__text > h2 {\n    font-family: 'Calligraffitti', cursive;\n    color: #ffd7af;\n    font-weight: 400;\n    font-size: 1.6em;\n    font-style: italic;\n    letter-spacing: 0.5px;\n    opacity: 0.5;\n    display: block;\n    margin-left: 10px;\n    margin-top: 3px;\n    margin-bottom: 15px;\n}\n\n.coc__block__text > p {\n    margin-top: 0;\n    margin-bottom: 1rem;\n    color: white;\n    font-family: 'Open Sans Condensed';\n}\n\n@media screen and (max-width:1200px) {\n\t.coc__block__image {\n      width: 40%;\n    }\n}\n\n@media screen and (max-width:768px) {\n    .coc__block {\n        flex-direction: column;\n    }\n\n    .coc__block > * {\n        width: 100%;\n    }\n}\n\n@media screen and (max-width:480px) {\n    .coc__block__body {\n        padding: 40px;\n    }\n}\n\n<\/style>\n\n<div class=\"coc__block\">\n  <div class=\"coc__block__image\">\n    <img decoding=\"async\" src=\"https:\/\/franck-cocteaux.com\/wp-content\/uploads\/2021\/11\/bouteille2.jpg\" alt=\"CONTACT US\">\n  <\/div>\n  <div class=\"coc__block__body\">\n    <div class=\"coc__block__text\">\n      <h1>\n        \u2022 CONTACT US\n      <\/h1>\n      <p style=\"margin-top:20px;\"><\/p>\n      <p>\n        \n<div class=\"wpcf7 no-js\" id=\"wpcf7-f1564-o1\" lang=\"fr-FR\" dir=\"ltr\" data-wpcf7-id=\"1564\">\n<div class=\"screen-reader-response\"><p role=\"status\" aria-live=\"polite\" aria-atomic=\"true\"><\/p> <ul><\/ul><\/div>\n<form action=\"\/en\/wp-json\/wp\/v2\/pages\/3964#wpcf7-f1564-o1\" method=\"post\" class=\"wpcf7-form init\" aria-label=\"Formulaire de contact\" novalidate=\"novalidate\" data-status=\"init\">\n<fieldset class=\"hidden-fields-container\"><input type=\"hidden\" name=\"_wpcf7\" value=\"1564\" \/><input type=\"hidden\" name=\"_wpcf7_version\" value=\"6.1.5\" \/><input type=\"hidden\" name=\"_wpcf7_locale\" value=\"fr_FR\" \/><input type=\"hidden\" name=\"_wpcf7_unit_tag\" value=\"wpcf7-f1564-o1\" \/><input type=\"hidden\" name=\"_wpcf7_container_post\" value=\"0\" \/><input type=\"hidden\" name=\"_wpcf7_posted_data_hash\" value=\"\" \/><input type=\"hidden\" name=\"_wpcf7_recaptcha_response\" value=\"\" \/>\n<\/fieldset>\n<p><span class=\"wpcf7-form-control-wrap\" data-name=\"your-subject\"><select class=\"wpcf7-form-control wpcf7-select wpcf7-validates-as-required\" aria-required=\"true\" aria-invalid=\"false\" name=\"your-subject\"><option value=\"\">&#8212;Veuillez choisir une option&#8212;<\/option><option value=\"Demande d&#039;informations\">Demande d&#039;informations<\/option><option value=\"A propos des tarifs\">A propos des tarifs<\/option><option value=\"A propos d&#039;une commande\">A propos d&#039;une commande<\/option><option value=\"A propos de l&#039;exp\u00e9dition\">A propos de l&#039;exp\u00e9dition<\/option><\/select><\/span>\n<\/p>\n<div class=\"input__separation\">\n\t<p><span class=\"wpcf7-form-control-wrap\" data-name=\"your-name\"><input size=\"40\" maxlength=\"400\" class=\"wpcf7-form-control wpcf7-text wpcf7-validates-as-required\" aria-required=\"true\" aria-invalid=\"false\" placeholder=\"Nom Prenom*\" value=\"\" type=\"text\" name=\"your-name\" \/><\/span><br \/>\n<span class=\"wpcf7-form-control-wrap\" data-name=\"your-society\"><input size=\"40\" maxlength=\"400\" class=\"wpcf7-form-control wpcf7-text\" aria-invalid=\"false\" placeholder=\"Soci\u00e9t\u00e9\" value=\"\" type=\"text\" name=\"your-society\" \/><\/span>\n\t<\/p>\n<\/div>\n<div class=\"input__separation\">\n\t<p><span class=\"wpcf7-form-control-wrap\" data-name=\"your-email\"><input size=\"40\" maxlength=\"400\" class=\"wpcf7-form-control wpcf7-email wpcf7-validates-as-required wpcf7-text wpcf7-validates-as-email\" aria-required=\"true\" aria-invalid=\"false\" placeholder=\"E-mail*\" value=\"\" type=\"email\" name=\"your-email\" \/><\/span><br \/>\n<span class=\"wpcf7-form-control-wrap\" data-name=\"your-phone\"><input size=\"40\" maxlength=\"400\" class=\"wpcf7-form-control wpcf7-tel wpcf7-validates-as-required wpcf7-text wpcf7-validates-as-tel\" aria-required=\"true\" aria-invalid=\"false\" placeholder=\"T\u00e9l\u00e9phone*\" value=\"\" type=\"tel\" name=\"your-phone\" \/><\/span>\n\t<\/p>\n<\/div>\n<p><span class=\"wpcf7-form-control-wrap\" data-name=\"your-adress\"><input size=\"40\" maxlength=\"400\" class=\"wpcf7-form-control wpcf7-text wpcf7-validates-as-required\" aria-required=\"true\" aria-invalid=\"false\" placeholder=\"Adresse*\" value=\"\" type=\"text\" name=\"your-adress\" \/><\/span>\n<\/p>\n<div class=\"input__separation\">\n\t<p><span class=\"wpcf7-form-control-wrap\" data-name=\"your-zip\"><input class=\"wpcf7-form-control wpcf7-number wpcf7-validates-as-required wpcf7-validates-as-number\" min=\"0\" aria-required=\"true\" aria-invalid=\"false\" placeholder=\"Code postal*\" value=\"\" type=\"number\" name=\"your-zip\" \/><\/span><br \/>\n<span class=\"wpcf7-form-control-wrap\" data-name=\"your-city\"><input size=\"40\" maxlength=\"400\" class=\"wpcf7-form-control wpcf7-text wpcf7-validates-as-required\" aria-required=\"true\" aria-invalid=\"false\" placeholder=\"Ville*\" value=\"\" type=\"text\" name=\"your-city\" \/><\/span>\n\t<\/p>\n<\/div>\n<p><span class=\"wpcf7-form-control-wrap\" data-name=\"your-message\"><textarea cols=\"40\" rows=\"10\" maxlength=\"2000\" class=\"wpcf7-form-control wpcf7-textarea wpcf7-validates-as-required\" aria-required=\"true\" aria-invalid=\"false\" placeholder=\"Votre demande*\" name=\"your-message\"><\/textarea><\/span><br \/>\n<input class=\"wpcf7-form-control wpcf7-submit has-spinner\" type=\"submit\" value=\"Envoyer\" \/>\n<\/p><div class=\"wpcf7-response-output\" aria-hidden=\"true\"><\/div>\n<\/form>\n<\/div>\n\n      <\/p>\n    <\/div>\n  <\/div>\n<\/div>\n<!-- end Cocteaux Formulaire -->\t\t\t\t<\/div>\n\t\t\t\t<\/div>\n\t\t\t\t\t<\/div>\n\t\t<\/div>\n\t\t\t\t\t<\/div>\n\t\t<\/section>\n\t\t\t\t<\/div>\n\t\t","protected":false},"excerpt":{"rendered":"<p>\u2022 GETTING TO THE ESTATE Am\u00e9lie and Franck Cocteaux and their team look forwarding to welcoming you Monday to Friday from 8am to 12noon and from 1.30 to 6.30pm; on Saturdays from 8.30am to 12.30pm We are allowed to take a step back occasionally so we are closed on Sundays and bank holidays. Fleuray &#8211; [&hellip;]<\/p>\n","protected":false},"author":1,"featured_media":0,"parent":0,"menu_order":0,"comment_status":"closed","ping_status":"closed","template":"template-default.php","meta":{"_acf_changed":false,"footnotes":""},"class_list":["post-3964","page","type-page","status-publish","hentry"],"acf":[],"yoast_head":"<!-- This site is optimized with the Yoast SEO plugin v27.1.1 - https:\/\/yoast.com\/product\/yoast-seo-wordpress\/ -->\n<title>Contact-us - Vignobles Cocteaux Am\u00e9lie &amp; Franck &amp; Fils<\/title>\n<meta name=\"robots\" content=\"index, follow, max-snippet:-1, max-image-preview:large, max-video-preview:-1\" \/>\n<link rel=\"canonical\" href=\"https:\/\/franck-cocteaux.com\/en\/contact-us\/\" \/>\n<meta property=\"og:locale\" content=\"en_US\" \/>\n<meta property=\"og:type\" content=\"article\" \/>\n<meta property=\"og:title\" content=\"Contact-us - Vignobles Cocteaux Am\u00e9lie &amp; Franck &amp; Fils\" \/>\n<meta property=\"og:description\" content=\"\u2022 GETTING TO THE ESTATE Am\u00e9lie and Franck Cocteaux and their team look forwarding to welcoming you Monday to Friday from 8am to 12noon and from 1.30 to 6.30pm; on Saturdays from 8.30am to 12.30pm We are allowed to take a step back occasionally so we are closed on Sundays and bank holidays. Fleuray &#8211; [&hellip;]\" \/>\n<meta property=\"og:url\" content=\"https:\/\/franck-cocteaux.com\/en\/contact-us\/\" \/>\n<meta property=\"og:site_name\" content=\"Vignobles Cocteaux Am\u00e9lie &amp; Franck &amp; Fils\" \/>\n<meta property=\"article:modified_time\" content=\"2023-06-14T12:37:08+00:00\" \/>\n<meta property=\"og:image\" content=\"https:\/\/franck-cocteaux.com\/wp-content\/uploads\/2021\/11\/bouteille2.jpg\" \/>\n<meta name=\"twitter:card\" content=\"summary_large_image\" \/>\n<meta name=\"twitter:label1\" content=\"Est. reading time\" \/>\n\t<meta name=\"twitter:data1\" content=\"3 minutes\" \/>\n<script type=\"application\/ld+json\" class=\"yoast-schema-graph\">{\"@context\":\"https:\/\/schema.org\",\"@graph\":[{\"@type\":\"WebPage\",\"@id\":\"https:\/\/franck-cocteaux.com\/en\/contact-us\/\",\"url\":\"https:\/\/franck-cocteaux.com\/en\/contact-us\/\",\"name\":\"Contact-us - Vignobles Cocteaux Am\u00e9lie &amp; Franck &amp; Fils\",\"isPartOf\":{\"@id\":\"https:\/\/franck-cocteaux.com\/#website\"},\"primaryImageOfPage\":{\"@id\":\"https:\/\/franck-cocteaux.com\/en\/contact-us\/#primaryimage\"},\"image\":{\"@id\":\"https:\/\/franck-cocteaux.com\/en\/contact-us\/#primaryimage\"},\"thumbnailUrl\":\"https:\/\/franck-cocteaux.com\/wp-content\/uploads\/2021\/11\/bouteille2.jpg\",\"datePublished\":\"2021-04-13T16:38:07+00:00\",\"dateModified\":\"2023-06-14T12:37:08+00:00\",\"breadcrumb\":{\"@id\":\"https:\/\/franck-cocteaux.com\/en\/contact-us\/#breadcrumb\"},\"inLanguage\":\"en-US\",\"potentialAction\":[{\"@type\":\"ReadAction\",\"target\":[\"https:\/\/franck-cocteaux.com\/en\/contact-us\/\"]}]},{\"@type\":\"ImageObject\",\"inLanguage\":\"en-US\",\"@id\":\"https:\/\/franck-cocteaux.com\/en\/contact-us\/#primaryimage\",\"url\":\"https:\/\/franck-cocteaux.com\/wp-content\/uploads\/2021\/11\/bouteille2.jpg\",\"contentUrl\":\"https:\/\/franck-cocteaux.com\/wp-content\/uploads\/2021\/11\/bouteille2.jpg\"},{\"@type\":\"BreadcrumbList\",\"@id\":\"https:\/\/franck-cocteaux.com\/en\/contact-us\/#breadcrumb\",\"itemListElement\":[{\"@type\":\"ListItem\",\"position\":1,\"name\":\"Accueil\",\"item\":\"https:\/\/franck-cocteaux.com\/en\/\"},{\"@type\":\"ListItem\",\"position\":2,\"name\":\"Contact-us\"}]},{\"@type\":\"WebSite\",\"@id\":\"https:\/\/franck-cocteaux.com\/#website\",\"url\":\"https:\/\/franck-cocteaux.com\/\",\"name\":\"Domaine Am\u00e9lie & Franck Cocteaux\",\"description\":\"Vigneron Ind\u00e9pendant &amp; R\u00e9coltant Manipulant\",\"potentialAction\":[{\"@type\":\"SearchAction\",\"target\":{\"@type\":\"EntryPoint\",\"urlTemplate\":\"https:\/\/franck-cocteaux.com\/?s={search_term_string}\"},\"query-input\":{\"@type\":\"PropertyValueSpecification\",\"valueRequired\":true,\"valueName\":\"search_term_string\"}}],\"inLanguage\":\"en-US\"}]}<\/script>\n<!-- \/ Yoast SEO plugin. -->","yoast_head_json":{"title":"Contact-us - Vignobles Cocteaux Am\u00e9lie &amp; Franck &amp; Fils","robots":{"index":"index","follow":"follow","max-snippet":"max-snippet:-1","max-image-preview":"max-image-preview:large","max-video-preview":"max-video-preview:-1"},"canonical":"https:\/\/franck-cocteaux.com\/en\/contact-us\/","og_locale":"en_US","og_type":"article","og_title":"Contact-us - Vignobles Cocteaux Am\u00e9lie &amp; Franck &amp; Fils","og_description":"\u2022 GETTING TO THE ESTATE Am\u00e9lie and Franck Cocteaux and their team look forwarding to welcoming you Monday to Friday from 8am to 12noon and from 1.30 to 6.30pm; on Saturdays from 8.30am to 12.30pm We are allowed to take a step back occasionally so we are closed on Sundays and bank holidays. Fleuray &#8211; [&hellip;]","og_url":"https:\/\/franck-cocteaux.com\/en\/contact-us\/","og_site_name":"Vignobles Cocteaux Am\u00e9lie &amp; Franck &amp; Fils","article_modified_time":"2023-06-14T12:37:08+00:00","og_image":[{"url":"https:\/\/franck-cocteaux.com\/wp-content\/uploads\/2021\/11\/bouteille2.jpg","type":"","width":"","height":""}],"twitter_card":"summary_large_image","twitter_misc":{"Est. reading time":"3 minutes"},"schema":{"@context":"https:\/\/schema.org","@graph":[{"@type":"WebPage","@id":"https:\/\/franck-cocteaux.com\/en\/contact-us\/","url":"https:\/\/franck-cocteaux.com\/en\/contact-us\/","name":"Contact-us - Vignobles Cocteaux Am\u00e9lie &amp; Franck &amp; Fils","isPartOf":{"@id":"https:\/\/franck-cocteaux.com\/#website"},"primaryImageOfPage":{"@id":"https:\/\/franck-cocteaux.com\/en\/contact-us\/#primaryimage"},"image":{"@id":"https:\/\/franck-cocteaux.com\/en\/contact-us\/#primaryimage"},"thumbnailUrl":"https:\/\/franck-cocteaux.com\/wp-content\/uploads\/2021\/11\/bouteille2.jpg","datePublished":"2021-04-13T16:38:07+00:00","dateModified":"2023-06-14T12:37:08+00:00","breadcrumb":{"@id":"https:\/\/franck-cocteaux.com\/en\/contact-us\/#breadcrumb"},"inLanguage":"en-US","potentialAction":[{"@type":"ReadAction","target":["https:\/\/franck-cocteaux.com\/en\/contact-us\/"]}]},{"@type":"ImageObject","inLanguage":"en-US","@id":"https:\/\/franck-cocteaux.com\/en\/contact-us\/#primaryimage","url":"https:\/\/franck-cocteaux.com\/wp-content\/uploads\/2021\/11\/bouteille2.jpg","contentUrl":"https:\/\/franck-cocteaux.com\/wp-content\/uploads\/2021\/11\/bouteille2.jpg"},{"@type":"BreadcrumbList","@id":"https:\/\/franck-cocteaux.com\/en\/contact-us\/#breadcrumb","itemListElement":[{"@type":"ListItem","position":1,"name":"Accueil","item":"https:\/\/franck-cocteaux.com\/en\/"},{"@type":"ListItem","position":2,"name":"Contact-us"}]},{"@type":"WebSite","@id":"https:\/\/franck-cocteaux.com\/#website","url":"https:\/\/franck-cocteaux.com\/","name":"Domaine Am\u00e9lie & Franck Cocteaux","description":"Vigneron Ind\u00e9pendant &amp; R\u00e9coltant Manipulant","potentialAction":[{"@type":"SearchAction","target":{"@type":"EntryPoint","urlTemplate":"https:\/\/franck-cocteaux.com\/?s={search_term_string}"},"query-input":{"@type":"PropertyValueSpecification","valueRequired":true,"valueName":"search_term_string"}}],"inLanguage":"en-US"}]}},"_links":{"self":[{"href":"https:\/\/franck-cocteaux.com\/en\/wp-json\/wp\/v2\/pages\/3964","targetHints":{"allow":["GET"]}}],"collection":[{"href":"https:\/\/franck-cocteaux.com\/en\/wp-json\/wp\/v2\/pages"}],"about":[{"href":"https:\/\/franck-cocteaux.com\/en\/wp-json\/wp\/v2\/types\/page"}],"author":[{"embeddable":true,"href":"https:\/\/franck-cocteaux.com\/en\/wp-json\/wp\/v2\/users\/1"}],"replies":[{"embeddable":true,"href":"https:\/\/franck-cocteaux.com\/en\/wp-json\/wp\/v2\/comments?post=3964"}],"version-history":[{"count":0,"href":"https:\/\/franck-cocteaux.com\/en\/wp-json\/wp\/v2\/pages\/3964\/revisions"}],"wp:attachment":[{"href":"https:\/\/franck-cocteaux.com\/en\/wp-json\/wp\/v2\/media?parent=3964"}],"curies":[{"name":"wp","href":"https:\/\/api.w.org\/{rel}","templated":true}]}}