{"id":3962,"date":"2021-04-13T18:37:17","date_gmt":"2021-04-13T16:37:17","guid":{"rendered":"https:\/\/franck-cocteaux.com\/la-releve\/"},"modified":"2023-06-14T14:36:17","modified_gmt":"2023-06-14T12:36:17","slug":"la-releve","status":"publish","type":"page","link":"https:\/\/franck-cocteaux.com\/en\/la-releve\/","title":{"rendered":"New generation"},"content":{"rendered":"\t\t<div data-elementor-type=\"wp-page\" data-elementor-id=\"3962\" class=\"elementor elementor-3962 elementor-37\">\n\t\t\t\t\t\t<section class=\"elementor-section elementor-top-section elementor-element elementor-element-e400967 elementor-section-full_width elementor-section-height-default elementor-section-height-default\" data-id=\"e400967\" data-element_type=\"section\" data-e-type=\"section\">\n\t\t\t\t\t\t<div class=\"elementor-container elementor-column-gap-default\">\n\t\t\t\t\t<div class=\"elementor-column elementor-col-100 elementor-top-column elementor-element elementor-element-b3508b4\" data-id=\"b3508b4\" data-element_type=\"column\" data-e-type=\"column\">\n\t\t\t<div class=\"elementor-widget-wrap elementor-element-populated\">\n\t\t\t\t\t\t<div class=\"elementor-element elementor-element-cd93c26 elementor-widget elementor-widget-ucaddon_widget_bloc\" data-id=\"cd93c26\" data-element_type=\"widget\" data-e-type=\"widget\" data-widget_type=\"ucaddon_widget_bloc.default\">\n\t\t\t\t<div class=\"elementor-widget-container\">\n\t\t\t\t\t\n<!-- start Cocteaux Bloc par d\u00e9faut -->\n<style>\/* widget: Cocteaux Bloc par d\u00e9faut *\/\n\n.coc__block {\n    min-height: 500px;\n    display: flex;\n    align-items: stretch;\n    justify-content: center;\n    width: 100%;\n}\n\n.coc__block__image {\n    width: 42.8%;\n    display: flex;\n}\n\n.coc__block__image img {\n    object-fit: cover;\n    width: 100%;\n    height: 100%;\n}\n\n.coc__block__body {\n    background-color: #65513c;\n    background-image: url('https:\/\/franck-cocteaux.com\/nouveausite\/wp-content\/uploads\/2021\/09\/fond-matiere.png');\n    background-repeat: repeat;\n    padding: 40px 80px 40px 112px;\n    display: flex;\n    align-items: stretch;\n  \tflex: 1;\n}\n\n.coc__block__text {\n    display: flex;\n    flex-direction: column;\n    justify-content: center;\n}\n\n.coc__block__text > h1 {\n    font-size: 1.9em;\n    color: #deaf7f;\n    font-weight: normal;\n    font-family: 'ristretto_slab_pro_regular';\n    letter-spacing: 0.05em;\n    line-height: 0.7em;\n}\n\n.coc__block__text > h2 {\n    font-family: 'Calligraffitti', cursive;\n    color: #ffd7af;\n    font-weight: 400;\n    font-size: 1.6em;\n    font-style: italic;\n    letter-spacing: 0.5px;\n    opacity: 0.5;\n    display: block;\n    margin-left: 10px;\n    margin-top: 3px;\n    margin-bottom: 15px;\n}\n.coc__block__text > p {\n    margin-top: 0;\n    margin-bottom: 1rem;\n    color: white;\n    font-family: 'Open Sans Condensed';\n}\n.coc__block__text > p > * {\n    color: white;\n    font-family: 'Open Sans Condensed';\n}\n\n\n@media screen and (max-width:1200px) {\n\t.coc__block__image {\n      width:40%;\n    }\n}\n\n@media screen and (max-width: 1100px)\n  .coc__block__image {\n      width: 350px;\n  }\n}\n\n@media screen and (max-width:768px) {\n    .coc__block {\n        flex-direction: column;\n    }\n\n    .coc__block > * {\n        width: 100%;\n    }\n}\n\n@media screen and (max-width:480px) {\n    .coc__block__body {\n        padding: 40px;\n    }\n}\n\n<\/style>\n\n<div class=\"coc__block\">\n  <div class=\"coc__block__image\">\n    <img decoding=\"async\" src=\"https:\/\/franck-cocteaux.com\/wp-content\/uploads\/2021\/09\/quentin-franck-1024x681.jpg\" alt=\"QUENTIN COCTEAUX\">\n  <\/div>\n  <div class=\"coc__block__body\">\n    <div class=\"coc__block__text\" data-aosv=\"fade-left\">\n      <h1>\n        \u2022 QUENTIN COCTEAUX\n      <\/h1>\n      <h2>\n        \n      <\/h2>\n      <p>\n        <p>Immersed in the world of vines and wine for as long as he can remember, and passionate about them from an early age, Quentin is the heir to 6 generations of wine know-how and expertise. For him, becoming an independent winemaker was an obvious choice. <\/p>\n<p>With his diploma in hand, he completed several internships in France, the Czech Republic and British Columbia to quench his thirst for knowledge before joining the family estate.<\/p>\n<p>Since 2019, Quentin has been producing wine at Mesland under the name Ch\u00e2teau Gaillard, which you can also discover in our online shop.<\/p>\n\n      <\/p>\n    <\/div>\n  <\/div>\n<\/div>\n<!-- end Cocteaux Bloc par d\u00e9faut -->\t\t\t\t<\/div>\n\t\t\t\t<\/div>\n\t\t\t\t\t<\/div>\n\t\t<\/div>\n\t\t\t\t\t<\/div>\n\t\t<\/section>\n\t\t\t\t<section class=\"elementor-section elementor-top-section elementor-element elementor-element-b7e11ff elementor-section-full_width elementor-section-height-default elementor-section-height-default\" data-id=\"b7e11ff\" data-element_type=\"section\" data-e-type=\"section\">\n\t\t\t\t\t\t<div class=\"elementor-container elementor-column-gap-default\">\n\t\t\t\t\t<div class=\"elementor-column elementor-col-100 elementor-top-column elementor-element elementor-element-d9302e0\" data-id=\"d9302e0\" data-element_type=\"column\" data-e-type=\"column\">\n\t\t\t<div class=\"elementor-widget-wrap elementor-element-populated\">\n\t\t\t\t\t\t<div class=\"elementor-element elementor-element-ba7a0fd elementor-widget elementor-widget-ucaddon_widget_bloc\" data-id=\"ba7a0fd\" data-element_type=\"widget\" data-e-type=\"widget\" data-widget_type=\"ucaddon_widget_bloc.default\">\n\t\t\t\t<div class=\"elementor-widget-container\">\n\t\t\t\t\t\n<!-- start Cocteaux Bloc par d\u00e9faut -->\n<style>\/* widget: Cocteaux Bloc par d\u00e9faut *\/\n\n.coc__block {\n    min-height: 500px;\n    display: flex;\n    align-items: stretch;\n    justify-content: center;\n    width: 100%;\n}\n\n.coc__block__image {\n    width: 42.8%;\n    display: flex;\n}\n\n.coc__block__image img {\n    object-fit: cover;\n    width: 100%;\n    height: 100%;\n}\n\n.coc__block__body {\n    background-color: #65513c;\n    background-image: url('https:\/\/franck-cocteaux.com\/nouveausite\/wp-content\/uploads\/2021\/09\/fond-matiere.png');\n    background-repeat: repeat;\n    padding: 40px 80px 40px 112px;\n    display: flex;\n    align-items: stretch;\n  \tflex: 1;\n}\n\n.coc__block__text {\n    display: flex;\n    flex-direction: column;\n    justify-content: center;\n}\n\n.coc__block__text > h1 {\n    font-size: 1.9em;\n    color: #deaf7f;\n    font-weight: normal;\n    font-family: 'ristretto_slab_pro_regular';\n    letter-spacing: 0.05em;\n    line-height: 0.7em;\n}\n\n.coc__block__text > h2 {\n    font-family: 'Calligraffitti', cursive;\n    color: #ffd7af;\n    font-weight: 400;\n    font-size: 1.6em;\n    font-style: italic;\n    letter-spacing: 0.5px;\n    opacity: 0.5;\n    display: block;\n    margin-left: 10px;\n    margin-top: 3px;\n    margin-bottom: 15px;\n}\n.coc__block__text > p {\n    margin-top: 0;\n    margin-bottom: 1rem;\n    color: white;\n    font-family: 'Open Sans Condensed';\n}\n.coc__block__text > p > * {\n    color: white;\n    font-family: 'Open Sans Condensed';\n}\n\n\n@media screen and (max-width:1200px) {\n\t.coc__block__image {\n      width:40%;\n    }\n}\n\n@media screen and (max-width: 1100px)\n  .coc__block__image {\n      width: 350px;\n  }\n}\n\n@media screen and (max-width:768px) {\n    .coc__block {\n        flex-direction: column;\n    }\n\n    .coc__block > * {\n        width: 100%;\n    }\n}\n\n@media screen and (max-width:480px) {\n    .coc__block__body {\n        padding: 40px;\n    }\n}\n\n<\/style>\n\n<div class=\"coc__block\">\n  <div class=\"coc__block__image\">\n    <img decoding=\"async\" src=\"https:\/\/franck-cocteaux.com\/wp-content\/uploads\/2021\/10\/franck-louis-1.jpg\" alt=\"LOUIS COCTEAUX\">\n  <\/div>\n  <div class=\"coc__block__body\">\n    <div class=\"coc__block__text\" data-aosv=\"fade-left\">\n      <h1>\n        \u2022 LOUIS COCTEAUX\n      <\/h1>\n      <h2>\n        \n      <\/h2>\n      <p>\n        <p>The second generation is ensured by Louis. Louis pursued his viticultural studies with gusto before establishing himself as a young winemaker in 2020, following in the family footsteps. <br \/>Louis experienced his first harvest in 2020 making a sweet wine celebrating its 20th anniversary, Cuv\u00e9e 20\/sur Vin, which you can discover here.<\/p>\n<p>It's sure to stir up some memories, as the last Franck COCTEAUX sweet wine was made exactly 20 years ago!<\/p>\n\n      <\/p>\n    <\/div>\n  <\/div>\n<\/div>\n<!-- end Cocteaux Bloc par d\u00e9faut -->\t\t\t\t<\/div>\n\t\t\t\t<\/div>\n\t\t\t\t\t<\/div>\n\t\t<\/div>\n\t\t\t\t\t<\/div>\n\t\t<\/section>\n\t\t\t\t<section class=\"elementor-section elementor-top-section elementor-element elementor-element-5225879 elementor-section-full_width elementor-section-height-default elementor-section-height-default\" data-id=\"5225879\" data-element_type=\"section\" data-e-type=\"section\">\n\t\t\t\t\t\t<div class=\"elementor-container elementor-column-gap-default\">\n\t\t\t\t\t<div class=\"elementor-column elementor-col-100 elementor-top-column elementor-element elementor-element-848e441\" data-id=\"848e441\" data-element_type=\"column\" data-e-type=\"column\">\n\t\t\t<div class=\"elementor-widget-wrap elementor-element-populated\">\n\t\t\t\t\t\t<div class=\"elementor-element elementor-element-5468c1c elementor-widget elementor-widget-ucaddon_widget_bloc\" data-id=\"5468c1c\" data-element_type=\"widget\" data-e-type=\"widget\" data-widget_type=\"ucaddon_widget_bloc.default\">\n\t\t\t\t<div class=\"elementor-widget-container\">\n\t\t\t\t\t\n<!-- start Cocteaux Bloc par d\u00e9faut -->\n<style>\/* widget: Cocteaux Bloc par d\u00e9faut *\/\n\n.coc__block {\n    min-height: 500px;\n    display: flex;\n    align-items: stretch;\n    justify-content: center;\n    width: 100%;\n}\n\n.coc__block__image {\n    width: 42.8%;\n    display: flex;\n}\n\n.coc__block__image img {\n    object-fit: cover;\n    width: 100%;\n    height: 100%;\n}\n\n.coc__block__body {\n    background-color: #65513c;\n    background-image: url('https:\/\/franck-cocteaux.com\/nouveausite\/wp-content\/uploads\/2021\/09\/fond-matiere.png');\n    background-repeat: repeat;\n    padding: 40px 80px 40px 112px;\n    display: flex;\n    align-items: stretch;\n  \tflex: 1;\n}\n\n.coc__block__text {\n    display: flex;\n    flex-direction: column;\n    justify-content: center;\n}\n\n.coc__block__text > h1 {\n    font-size: 1.9em;\n    color: #deaf7f;\n    font-weight: normal;\n    font-family: 'ristretto_slab_pro_regular';\n    letter-spacing: 0.05em;\n    line-height: 0.7em;\n}\n\n.coc__block__text > h2 {\n    font-family: 'Calligraffitti', cursive;\n    color: #ffd7af;\n    font-weight: 400;\n    font-size: 1.6em;\n    font-style: italic;\n    letter-spacing: 0.5px;\n    opacity: 0.5;\n    display: block;\n    margin-left: 10px;\n    margin-top: 3px;\n    margin-bottom: 15px;\n}\n.coc__block__text > p {\n    margin-top: 0;\n    margin-bottom: 1rem;\n    color: white;\n    font-family: 'Open Sans Condensed';\n}\n.coc__block__text > p > * {\n    color: white;\n    font-family: 'Open Sans Condensed';\n}\n\n\n@media screen and (max-width:1200px) {\n\t.coc__block__image {\n      width:40%;\n    }\n}\n\n@media screen and (max-width: 1100px)\n  .coc__block__image {\n      width: 350px;\n  }\n}\n\n@media screen and (max-width:768px) {\n    .coc__block {\n        flex-direction: column;\n    }\n\n    .coc__block > * {\n        width: 100%;\n    }\n}\n\n@media screen and (max-width:480px) {\n    .coc__block__body {\n        padding: 40px;\n    }\n}\n\n<\/style>\n\n<div class=\"coc__block\">\n  <div class=\"coc__block__image\">\n    <img decoding=\"async\" src=\"https:\/\/franck-cocteaux.com\/wp-content\/uploads\/2021\/10\/006-DSCF5355_HD_\u00a9SPONS-1024x683.jpg\" alt=\"PAUL COCTEAUX\">\n  <\/div>\n  <div class=\"coc__block__body\">\n    <div class=\"coc__block__text\" data-aosv=\"fade-left\">\n      <h1>\n        \u2022 PAUL COCTEAUX\n      <\/h1>\n      <h2>\n        \n      <\/h2>\n      <p>\n        <p>Although Paul, our youngest son, is still our grape juice specialist, he now likes it a little more fermented! Paul is continuing his studies at a viticultural college with great success. When not at school, he's always happy to answer your questions about grape juice... and wine.  <\/p>\n\n      <\/p>\n    <\/div>\n  <\/div>\n<\/div>\n<!-- end Cocteaux Bloc par d\u00e9faut -->\t\t\t\t<\/div>\n\t\t\t\t<\/div>\n\t\t\t\t\t<\/div>\n\t\t<\/div>\n\t\t\t\t\t<\/div>\n\t\t<\/section>\n\t\t\t\t<\/div>\n\t\t","protected":false},"excerpt":{"rendered":"<p>\u2022 QUENTIN COCTEAUX Immersed in the world of vines and wine for as long as he can remember, and passionate about them from an early age, Quentin is the heir to 6 generations of wine know-how and expertise. For him, becoming an independent winemaker was an obvious choice. With his diploma in hand, he completed [&hellip;]<\/p>\n","protected":false},"author":1,"featured_media":3784,"parent":0,"menu_order":0,"comment_status":"closed","ping_status":"closed","template":"template-default.php","meta":{"_acf_changed":false,"footnotes":""},"class_list":["post-3962","page","type-page","status-publish","has-post-thumbnail","hentry"],"acf":[],"yoast_head":"<!-- This site is optimized with the Yoast SEO plugin v27.1.1 - https:\/\/yoast.com\/product\/yoast-seo-wordpress\/ -->\n<title>New generation Quentin, Louis &amp; Paul - Domaine Am\u00e9lie et Franck Vignobles Cocteaux Am\u00e9lie &amp; Franck &amp; Fils<\/title>\n<meta name=\"description\" content=\"La rel\u00e8ve : Quentin, Louis et Paul Cocteaux ont \u00e9t\u00e9 baign\u00e9s dans l\u2019univers des vignes depuis toujours, et sont les h\u00e9ritiers d\u2019un savoir-faire de 6 g\u00e9n\u00e9rations.\" \/>\n<meta name=\"robots\" content=\"index, follow, max-snippet:-1, max-image-preview:large, max-video-preview:-1\" \/>\n<link rel=\"canonical\" href=\"https:\/\/franck-cocteaux.com\/en\/la-releve\/\" \/>\n<meta property=\"og:locale\" content=\"en_US\" \/>\n<meta property=\"og:type\" content=\"article\" \/>\n<meta property=\"og:title\" content=\"New generation Quentin, Louis &amp; Paul - Domaine Am\u00e9lie et Franck Vignobles Cocteaux Am\u00e9lie &amp; Franck &amp; Fils\" \/>\n<meta property=\"og:description\" content=\"La rel\u00e8ve : Quentin, Louis et Paul Cocteaux ont \u00e9t\u00e9 baign\u00e9s dans l\u2019univers des vignes depuis toujours, et sont les h\u00e9ritiers d\u2019un savoir-faire de 6 g\u00e9n\u00e9rations.\" \/>\n<meta property=\"og:url\" content=\"https:\/\/franck-cocteaux.com\/en\/la-releve\/\" \/>\n<meta property=\"og:site_name\" content=\"Vignobles Cocteaux Am\u00e9lie &amp; Franck &amp; Fils\" \/>\n<meta property=\"article:modified_time\" content=\"2023-06-14T12:36:17+00:00\" \/>\n<meta property=\"og:image\" content=\"https:\/\/franck-cocteaux.com\/wp-content\/uploads\/2021\/11\/la-releve-slider.jpg\" \/>\n\t<meta property=\"og:image:width\" content=\"1800\" \/>\n\t<meta property=\"og:image:height\" content=\"768\" \/>\n\t<meta property=\"og:image:type\" content=\"image\/jpeg\" \/>\n<meta name=\"twitter:card\" content=\"summary_large_image\" \/>\n<meta name=\"twitter:label1\" content=\"Est. reading time\" \/>\n\t<meta name=\"twitter:data1\" content=\"5 minutes\" \/>\n<script type=\"application\/ld+json\" class=\"yoast-schema-graph\">{\"@context\":\"https:\/\/schema.org\",\"@graph\":[{\"@type\":\"WebPage\",\"@id\":\"https:\/\/franck-cocteaux.com\/en\/la-releve\/\",\"url\":\"https:\/\/franck-cocteaux.com\/en\/la-releve\/\",\"name\":\"New generation Quentin, Louis & Paul - Domaine Am\u00e9lie et Franck Vignobles Cocteaux Am\u00e9lie &amp; Franck &amp; Fils\",\"isPartOf\":{\"@id\":\"https:\/\/franck-cocteaux.com\/#website\"},\"primaryImageOfPage\":{\"@id\":\"https:\/\/franck-cocteaux.com\/en\/la-releve\/#primaryimage\"},\"image\":{\"@id\":\"https:\/\/franck-cocteaux.com\/en\/la-releve\/#primaryimage\"},\"thumbnailUrl\":\"https:\/\/franck-cocteaux.com\/wp-content\/uploads\/2021\/11\/la-releve-slider.jpg\",\"datePublished\":\"2021-04-13T16:37:17+00:00\",\"dateModified\":\"2023-06-14T12:36:17+00:00\",\"description\":\"La rel\u00e8ve : Quentin, Louis et Paul Cocteaux ont \u00e9t\u00e9 baign\u00e9s dans l\u2019univers des vignes depuis toujours, et sont les h\u00e9ritiers d\u2019un savoir-faire de 6 g\u00e9n\u00e9rations.\",\"breadcrumb\":{\"@id\":\"https:\/\/franck-cocteaux.com\/en\/la-releve\/#breadcrumb\"},\"inLanguage\":\"en-US\",\"potentialAction\":[{\"@type\":\"ReadAction\",\"target\":[\"https:\/\/franck-cocteaux.com\/en\/la-releve\/\"]}]},{\"@type\":\"ImageObject\",\"inLanguage\":\"en-US\",\"@id\":\"https:\/\/franck-cocteaux.com\/en\/la-releve\/#primaryimage\",\"url\":\"https:\/\/franck-cocteaux.com\/wp-content\/uploads\/2021\/11\/la-releve-slider.jpg\",\"contentUrl\":\"https:\/\/franck-cocteaux.com\/wp-content\/uploads\/2021\/11\/la-releve-slider.jpg\",\"width\":1800,\"height\":768},{\"@type\":\"BreadcrumbList\",\"@id\":\"https:\/\/franck-cocteaux.com\/en\/la-releve\/#breadcrumb\",\"itemListElement\":[{\"@type\":\"ListItem\",\"position\":1,\"name\":\"Accueil\",\"item\":\"https:\/\/franck-cocteaux.com\/en\/\"},{\"@type\":\"ListItem\",\"position\":2,\"name\":\"New generation\"}]},{\"@type\":\"WebSite\",\"@id\":\"https:\/\/franck-cocteaux.com\/#website\",\"url\":\"https:\/\/franck-cocteaux.com\/\",\"name\":\"Domaine Am\u00e9lie & Franck Cocteaux\",\"description\":\"Vigneron Ind\u00e9pendant &amp; R\u00e9coltant Manipulant\",\"potentialAction\":[{\"@type\":\"SearchAction\",\"target\":{\"@type\":\"EntryPoint\",\"urlTemplate\":\"https:\/\/franck-cocteaux.com\/?s={search_term_string}\"},\"query-input\":{\"@type\":\"PropertyValueSpecification\",\"valueRequired\":true,\"valueName\":\"search_term_string\"}}],\"inLanguage\":\"en-US\"}]}<\/script>\n<!-- \/ Yoast SEO plugin. -->","yoast_head_json":{"title":"New generation Quentin, Louis & Paul - Domaine Am\u00e9lie et Franck Vignobles Cocteaux Am\u00e9lie &amp; Franck &amp; Fils","description":"La rel\u00e8ve : Quentin, Louis et Paul Cocteaux ont \u00e9t\u00e9 baign\u00e9s dans l\u2019univers des vignes depuis toujours, et sont les h\u00e9ritiers d\u2019un savoir-faire de 6 g\u00e9n\u00e9rations.","robots":{"index":"index","follow":"follow","max-snippet":"max-snippet:-1","max-image-preview":"max-image-preview:large","max-video-preview":"max-video-preview:-1"},"canonical":"https:\/\/franck-cocteaux.com\/en\/la-releve\/","og_locale":"en_US","og_type":"article","og_title":"New generation Quentin, Louis & Paul - Domaine Am\u00e9lie et Franck Vignobles Cocteaux Am\u00e9lie &amp; Franck &amp; Fils","og_description":"La rel\u00e8ve : Quentin, Louis et Paul Cocteaux ont \u00e9t\u00e9 baign\u00e9s dans l\u2019univers des vignes depuis toujours, et sont les h\u00e9ritiers d\u2019un savoir-faire de 6 g\u00e9n\u00e9rations.","og_url":"https:\/\/franck-cocteaux.com\/en\/la-releve\/","og_site_name":"Vignobles Cocteaux Am\u00e9lie &amp; Franck &amp; Fils","article_modified_time":"2023-06-14T12:36:17+00:00","og_image":[{"width":1800,"height":768,"url":"https:\/\/franck-cocteaux.com\/wp-content\/uploads\/2021\/11\/la-releve-slider.jpg","type":"image\/jpeg"}],"twitter_card":"summary_large_image","twitter_misc":{"Est. reading time":"5 minutes"},"schema":{"@context":"https:\/\/schema.org","@graph":[{"@type":"WebPage","@id":"https:\/\/franck-cocteaux.com\/en\/la-releve\/","url":"https:\/\/franck-cocteaux.com\/en\/la-releve\/","name":"New generation Quentin, Louis & Paul - Domaine Am\u00e9lie et Franck Vignobles Cocteaux Am\u00e9lie &amp; Franck &amp; Fils","isPartOf":{"@id":"https:\/\/franck-cocteaux.com\/#website"},"primaryImageOfPage":{"@id":"https:\/\/franck-cocteaux.com\/en\/la-releve\/#primaryimage"},"image":{"@id":"https:\/\/franck-cocteaux.com\/en\/la-releve\/#primaryimage"},"thumbnailUrl":"https:\/\/franck-cocteaux.com\/wp-content\/uploads\/2021\/11\/la-releve-slider.jpg","datePublished":"2021-04-13T16:37:17+00:00","dateModified":"2023-06-14T12:36:17+00:00","description":"La rel\u00e8ve : Quentin, Louis et Paul Cocteaux ont \u00e9t\u00e9 baign\u00e9s dans l\u2019univers des vignes depuis toujours, et sont les h\u00e9ritiers d\u2019un savoir-faire de 6 g\u00e9n\u00e9rations.","breadcrumb":{"@id":"https:\/\/franck-cocteaux.com\/en\/la-releve\/#breadcrumb"},"inLanguage":"en-US","potentialAction":[{"@type":"ReadAction","target":["https:\/\/franck-cocteaux.com\/en\/la-releve\/"]}]},{"@type":"ImageObject","inLanguage":"en-US","@id":"https:\/\/franck-cocteaux.com\/en\/la-releve\/#primaryimage","url":"https:\/\/franck-cocteaux.com\/wp-content\/uploads\/2021\/11\/la-releve-slider.jpg","contentUrl":"https:\/\/franck-cocteaux.com\/wp-content\/uploads\/2021\/11\/la-releve-slider.jpg","width":1800,"height":768},{"@type":"BreadcrumbList","@id":"https:\/\/franck-cocteaux.com\/en\/la-releve\/#breadcrumb","itemListElement":[{"@type":"ListItem","position":1,"name":"Accueil","item":"https:\/\/franck-cocteaux.com\/en\/"},{"@type":"ListItem","position":2,"name":"New generation"}]},{"@type":"WebSite","@id":"https:\/\/franck-cocteaux.com\/#website","url":"https:\/\/franck-cocteaux.com\/","name":"Domaine Am\u00e9lie & Franck Cocteaux","description":"Vigneron Ind\u00e9pendant &amp; R\u00e9coltant Manipulant","potentialAction":[{"@type":"SearchAction","target":{"@type":"EntryPoint","urlTemplate":"https:\/\/franck-cocteaux.com\/?s={search_term_string}"},"query-input":{"@type":"PropertyValueSpecification","valueRequired":true,"valueName":"search_term_string"}}],"inLanguage":"en-US"}]}},"_links":{"self":[{"href":"https:\/\/franck-cocteaux.com\/en\/wp-json\/wp\/v2\/pages\/3962","targetHints":{"allow":["GET"]}}],"collection":[{"href":"https:\/\/franck-cocteaux.com\/en\/wp-json\/wp\/v2\/pages"}],"about":[{"href":"https:\/\/franck-cocteaux.com\/en\/wp-json\/wp\/v2\/types\/page"}],"author":[{"embeddable":true,"href":"https:\/\/franck-cocteaux.com\/en\/wp-json\/wp\/v2\/users\/1"}],"replies":[{"embeddable":true,"href":"https:\/\/franck-cocteaux.com\/en\/wp-json\/wp\/v2\/comments?post=3962"}],"version-history":[{"count":0,"href":"https:\/\/franck-cocteaux.com\/en\/wp-json\/wp\/v2\/pages\/3962\/revisions"}],"wp:featuredmedia":[{"embeddable":true,"href":"https:\/\/franck-cocteaux.com\/en\/wp-json\/wp\/v2\/media\/3784"}],"wp:attachment":[{"href":"https:\/\/franck-cocteaux.com\/en\/wp-json\/wp\/v2\/media?parent=3962"}],"curies":[{"name":"wp","href":"https:\/\/api.w.org\/{rel}","templated":true}]}}